{"id":516,"date":"2026-02-21T22:16:12","date_gmt":"2026-02-21T22:16:12","guid":{"rendered":"https:\/\/hotelsieteventanas.com\/?page_id=516"},"modified":"2026-03-18T23:55:16","modified_gmt":"2026-03-18T23:55:16","slug":"habitacion-doble","status":"publish","type":"page","link":"https:\/\/hotelsieteventanas.com\/?page_id=516","title":{"rendered":"Habitaci\u00f3n Doble"},"content":{"rendered":"\t\t<div data-elementor-type=\"wp-page\" data-elementor-id=\"516\" class=\"elementor elementor-516\" data-elementor-post-type=\"page\">\n\t\t\t\t<div class=\"elementor-element elementor-element-7745ef26 e-flex e-con-boxed e-con e-parent\" data-id=\"7745ef26\" data-element_type=\"container\" data-e-type=\"container\" data-settings=\"{&quot;background_background&quot;:&quot;classic&quot;}\">\n\t\t\t\t\t<div class=\"e-con-inner\">\n\t\t\t\t<div class=\"elementor-element elementor-element-7d3c4923 elementor-widget elementor-widget-button\" data-id=\"7d3c4923\" data-element_type=\"widget\" data-e-type=\"widget\" data-widget_type=\"button.default\">\n\t\t\t\t\t\t\t\t\t\t<a class=\"elementor-button elementor-button-link elementor-size-sm\" href=\"https:\/\/hotelsieteventanas.com\/?page_id=16\">\n\t\t\t\t\t\t<span class=\"elementor-button-content-wrapper\">\n\t\t\t\t\t\t<span class=\"elementor-button-icon\">\n\t\t\t\t<svg aria-hidden=\"true\" class=\"e-font-icon-svg e-far-arrow-alt-circle-left\" viewBox=\"0 0 512 512\" xmlns=\"http:\/\/www.w3.org\/2000\/svg\"><path d=\"M8 256c0 137 111 248 248 248s248-111 248-248S393 8 256 8 8 119 8 256zm448 0c0 110.5-89.5 200-200 200S56 366.5 56 256 145.5 56 256 56s200 89.5 200 200zm-72-20v40c0 6.6-5.4 12-12 12H256v67c0 10.7-12.9 16-20.5 8.5l-99-99c-4.7-4.7-4.7-12.3 0-17l99-99c7.6-7.6 20.5-2.2 20.5 8.5v67h116c6.6 0 12 5.4 12 12z\"><\/path><\/svg>\t\t\t<\/span>\n\t\t\t\t\t\t\t\t\t<span class=\"elementor-button-text\">Ver todas las Habitaciones<\/span>\n\t\t\t\t\t<\/span>\n\t\t\t\t\t<\/a>\n\t\t\t\t\t\t\t\t<\/div>\n\t\t\t\t<div class=\"elementor-element elementor-element-4608ab8b elementor-widget elementor-widget-image\" data-id=\"4608ab8b\" data-element_type=\"widget\" data-e-type=\"widget\" data-widget_type=\"image.default\">\n\t\t\t\t\t\t\t\t\t\t\t\t\t\t\t<img fetchpriority=\"high\" decoding=\"async\" width=\"1024\" height=\"683\" src=\"https:\/\/hotelsieteventanas.com\/wp-content\/uploads\/2026\/02\/HABITACION-DOBLE1-1024x683.png\" class=\"attachment-large size-large wp-image-664\" alt=\"\" srcset=\"https:\/\/hotelsieteventanas.com\/wp-content\/uploads\/2026\/02\/HABITACION-DOBLE1-1024x683.png 1024w, https:\/\/hotelsieteventanas.com\/wp-content\/uploads\/2026\/02\/HABITACION-DOBLE1-300x200.png 300w, https:\/\/hotelsieteventanas.com\/wp-content\/uploads\/2026\/02\/HABITACION-DOBLE1-768x512.png 768w, https:\/\/hotelsieteventanas.com\/wp-content\/uploads\/2026\/02\/HABITACION-DOBLE1.png 1536w\" sizes=\"(max-width: 1024px) 100vw, 1024px\" \/>\t\t\t\t\t\t\t\t\t\t\t\t\t\t\t<\/div>\n\t\t\t\t<div class=\"elementor-element elementor-element-168dc4f4 elementor-widget elementor-widget-heading\" data-id=\"168dc4f4\" data-element_type=\"widget\" data-e-type=\"widget\" data-widget_type=\"heading.default\">\n\t\t\t\t\t<h2 class=\"elementor-heading-title elementor-size-default\">Habitaci\u00f3n Doble<\/h2>\t\t\t\t<\/div>\n\t\t\t\t<div class=\"elementor-element elementor-element-62091c76 gallery-spacing-custom elementor-widget elementor-widget-image-gallery\" data-id=\"62091c76\" data-element_type=\"widget\" data-e-type=\"widget\" data-widget_type=\"image-gallery.default\">\n\t\t\t\t\t\t\t<div class=\"elementor-image-gallery\">\n\t\t\t<div id='gallery-1' class='gallery galleryid-516 gallery-columns-8 gallery-size-thumbnail'><figure class='gallery-item'>\n\t\t\t<div class='gallery-icon landscape'>\n\t\t\t\t<a data-elementor-open-lightbox=\"yes\" data-elementor-lightbox-slideshow=\"62091c76\" data-elementor-lightbox-title=\"DSC04931\" data-e-action-hash=\"#elementor-action%3Aaction%3Dlightbox%26settings%3DeyJpZCI6NDcxLCJ1cmwiOiJodHRwczpcL1wvaG90ZWxzaWV0ZXZlbnRhbmFzLmNvbVwvd3AtY29udGVudFwvdXBsb2Fkc1wvMjAyNlwvMDJcL0RTQzA0OTMxLmpwZyIsInNsaWRlc2hvdyI6IjYyMDkxYzc2In0%3D\" href='https:\/\/hotelsieteventanas.com\/wp-content\/uploads\/2026\/02\/DSC04931.jpg'><img decoding=\"async\" width=\"150\" height=\"150\" src=\"https:\/\/hotelsieteventanas.com\/wp-content\/uploads\/2026\/02\/DSC04931-150x150.jpg\" class=\"attachment-thumbnail size-thumbnail\" alt=\"\" \/><\/a>\n\t\t\t<\/div><\/figure><figure class='gallery-item'>\n\t\t\t<div class='gallery-icon landscape'>\n\t\t\t\t<a data-elementor-open-lightbox=\"yes\" data-elementor-lightbox-slideshow=\"62091c76\" data-elementor-lightbox-title=\"HABITACION DOBLE2\" data-e-action-hash=\"#elementor-action%3Aaction%3Dlightbox%26settings%3DeyJpZCI6NjY1LCJ1cmwiOiJodHRwczpcL1wvaG90ZWxzaWV0ZXZlbnRhbmFzLmNvbVwvd3AtY29udGVudFwvdXBsb2Fkc1wvMjAyNlwvMDJcL0hBQklUQUNJT04tRE9CTEUyLnBuZyIsInNsaWRlc2hvdyI6IjYyMDkxYzc2In0%3D\" href='https:\/\/hotelsieteventanas.com\/wp-content\/uploads\/2026\/02\/HABITACION-DOBLE2.png'><img decoding=\"async\" width=\"150\" height=\"150\" src=\"https:\/\/hotelsieteventanas.com\/wp-content\/uploads\/2026\/02\/HABITACION-DOBLE2-150x150.png\" class=\"attachment-thumbnail size-thumbnail\" alt=\"\" aria-describedby=\"gallery-1-665\" \/><\/a>\n\t\t\t<\/div>\n\t\t\t\t<figcaption class='wp-caption-text gallery-caption' id='gallery-1-665'>\n\t\t\t\tHabitaci\u00f3n Doble\n\t\t\t\t<\/figcaption><\/figure><figure class='gallery-item'>\n\t\t\t<div class='gallery-icon landscape'>\n\t\t\t\t<a data-elementor-open-lightbox=\"yes\" data-elementor-lightbox-slideshow=\"62091c76\" data-elementor-lightbox-title=\"HABITACION DOBLE3\" data-e-action-hash=\"#elementor-action%3Aaction%3Dlightbox%26settings%3DeyJpZCI6NjY2LCJ1cmwiOiJodHRwczpcL1wvaG90ZWxzaWV0ZXZlbnRhbmFzLmNvbVwvd3AtY29udGVudFwvdXBsb2Fkc1wvMjAyNlwvMDJcL0hBQklUQUNJT04tRE9CTEUzLnBuZyIsInNsaWRlc2hvdyI6IjYyMDkxYzc2In0%3D\" href='https:\/\/hotelsieteventanas.com\/wp-content\/uploads\/2026\/02\/HABITACION-DOBLE3.png'><img loading=\"lazy\" decoding=\"async\" width=\"150\" height=\"150\" src=\"https:\/\/hotelsieteventanas.com\/wp-content\/uploads\/2026\/02\/HABITACION-DOBLE3-150x150.png\" class=\"attachment-thumbnail size-thumbnail\" alt=\"\" \/><\/a>\n\t\t\t<\/div><\/figure><figure class='gallery-item'>\n\t\t\t<div class='gallery-icon portrait'>\n\t\t\t\t<a data-elementor-open-lightbox=\"yes\" data-elementor-lightbox-slideshow=\"62091c76\" data-elementor-lightbox-title=\"DSC04884\" data-e-action-hash=\"#elementor-action%3Aaction%3Dlightbox%26settings%3DeyJpZCI6NDU1LCJ1cmwiOiJodHRwczpcL1wvaG90ZWxzaWV0ZXZlbnRhbmFzLmNvbVwvd3AtY29udGVudFwvdXBsb2Fkc1wvMjAyNlwvMDJcL0RTQzA0ODg0LmpwZyIsInNsaWRlc2hvdyI6IjYyMDkxYzc2In0%3D\" href='https:\/\/hotelsieteventanas.com\/wp-content\/uploads\/2026\/02\/DSC04884.jpg'><img loading=\"lazy\" decoding=\"async\" width=\"150\" height=\"150\" src=\"https:\/\/hotelsieteventanas.com\/wp-content\/uploads\/2026\/02\/DSC04884-150x150.jpg\" class=\"attachment-thumbnail size-thumbnail\" alt=\"\" \/><\/a>\n\t\t\t<\/div><\/figure><figure class='gallery-item'>\n\t\t\t<div class='gallery-icon portrait'>\n\t\t\t\t<a data-elementor-open-lightbox=\"yes\" data-elementor-lightbox-slideshow=\"62091c76\" data-elementor-lightbox-title=\"DSC04967\" data-e-action-hash=\"#elementor-action%3Aaction%3Dlightbox%26settings%3DeyJpZCI6NDgxLCJ1cmwiOiJodHRwczpcL1wvaG90ZWxzaWV0ZXZlbnRhbmFzLmNvbVwvd3AtY29udGVudFwvdXBsb2Fkc1wvMjAyNlwvMDJcL0RTQzA0OTY3LmpwZyIsInNsaWRlc2hvdyI6IjYyMDkxYzc2In0%3D\" href='https:\/\/hotelsieteventanas.com\/wp-content\/uploads\/2026\/02\/DSC04967.jpg'><img loading=\"lazy\" decoding=\"async\" width=\"150\" height=\"150\" src=\"https:\/\/hotelsieteventanas.com\/wp-content\/uploads\/2026\/02\/DSC04967-150x150.jpg\" class=\"attachment-thumbnail size-thumbnail\" alt=\"\" \/><\/a>\n\t\t\t<\/div><\/figure><figure class='gallery-item'>\n\t\t\t<div class='gallery-icon portrait'>\n\t\t\t\t<a data-elementor-open-lightbox=\"yes\" data-elementor-lightbox-slideshow=\"62091c76\" data-elementor-lightbox-title=\"DSC04883\" data-e-action-hash=\"#elementor-action%3Aaction%3Dlightbox%26settings%3DeyJpZCI6NDU0LCJ1cmwiOiJodHRwczpcL1wvaG90ZWxzaWV0ZXZlbnRhbmFzLmNvbVwvd3AtY29udGVudFwvdXBsb2Fkc1wvMjAyNlwvMDJcL0RTQzA0ODgzLmpwZyIsInNsaWRlc2hvdyI6IjYyMDkxYzc2In0%3D\" href='https:\/\/hotelsieteventanas.com\/wp-content\/uploads\/2026\/02\/DSC04883.jpg'><img loading=\"lazy\" decoding=\"async\" width=\"150\" height=\"150\" src=\"https:\/\/hotelsieteventanas.com\/wp-content\/uploads\/2026\/02\/DSC04883-150x150.jpg\" class=\"attachment-thumbnail size-thumbnail\" alt=\"\" \/><\/a>\n\t\t\t<\/div><\/figure><figure class='gallery-item'>\n\t\t\t<div class='gallery-icon portrait'>\n\t\t\t\t<a data-elementor-open-lightbox=\"yes\" data-elementor-lightbox-slideshow=\"62091c76\" data-elementor-lightbox-title=\"DSC04984\" data-e-action-hash=\"#elementor-action%3Aaction%3Dlightbox%26settings%3DeyJpZCI6NDg1LCJ1cmwiOiJodHRwczpcL1wvaG90ZWxzaWV0ZXZlbnRhbmFzLmNvbVwvd3AtY29udGVudFwvdXBsb2Fkc1wvMjAyNlwvMDJcL0RTQzA0OTg0LmpwZyIsInNsaWRlc2hvdyI6IjYyMDkxYzc2In0%3D\" href='https:\/\/hotelsieteventanas.com\/wp-content\/uploads\/2026\/02\/DSC04984.jpg'><img loading=\"lazy\" decoding=\"async\" width=\"150\" height=\"150\" src=\"https:\/\/hotelsieteventanas.com\/wp-content\/uploads\/2026\/02\/DSC04984-150x150.jpg\" class=\"attachment-thumbnail size-thumbnail\" alt=\"\" \/><\/a>\n\t\t\t<\/div><\/figure><figure class='gallery-item'>\n\t\t\t<div class='gallery-icon portrait'>\n\t\t\t\t<a data-elementor-open-lightbox=\"yes\" data-elementor-lightbox-slideshow=\"62091c76\" data-elementor-lightbox-title=\"BA\u00d1O1\" data-e-action-hash=\"#elementor-action%3Aaction%3Dlightbox%26settings%3DeyJpZCI6NjYwLCJ1cmwiOiJodHRwczpcL1wvaG90ZWxzaWV0ZXZlbnRhbmFzLmNvbVwvd3AtY29udGVudFwvdXBsb2Fkc1wvMjAyNlwvMDJcL0JBTk8xLnBuZyIsInNsaWRlc2hvdyI6IjYyMDkxYzc2In0%3D\" href='https:\/\/hotelsieteventanas.com\/wp-content\/uploads\/2026\/02\/BANO1.png'><img loading=\"lazy\" decoding=\"async\" width=\"150\" height=\"150\" src=\"https:\/\/hotelsieteventanas.com\/wp-content\/uploads\/2026\/02\/BANO1-150x150.png\" class=\"attachment-thumbnail size-thumbnail\" alt=\"\" \/><\/a>\n\t\t\t<\/div><\/figure>\n\t\t<\/div>\n\t\t<\/div>\n\t\t\t\t\t\t<\/div>\n\t\t\t\t<div class=\"elementor-element elementor-element-67400b9d elementor-widget elementor-widget-image\" data-id=\"67400b9d\" data-element_type=\"widget\" data-e-type=\"widget\" data-widget_type=\"image.default\">\n\t\t\t\t\t\t\t\t\t\t\t\t\t\t\t<img loading=\"lazy\" decoding=\"async\" width=\"955\" height=\"76\" src=\"https:\/\/hotelsieteventanas.com\/wp-content\/uploads\/2026\/02\/iconos-servicios.png\" class=\"attachment-large size-large wp-image-567\" alt=\"\" srcset=\"https:\/\/hotelsieteventanas.com\/wp-content\/uploads\/2026\/02\/iconos-servicios.png 955w, https:\/\/hotelsieteventanas.com\/wp-content\/uploads\/2026\/02\/iconos-servicios-300x24.png 300w, https:\/\/hotelsieteventanas.com\/wp-content\/uploads\/2026\/02\/iconos-servicios-768x61.png 768w\" sizes=\"(max-width: 955px) 100vw, 955px\" \/>\t\t\t\t\t\t\t\t\t\t\t\t\t\t\t<\/div>\n\t\t\t\t<div class=\"elementor-element elementor-element-71998e86 elementor-widget elementor-widget-text-editor\" data-id=\"71998e86\" data-element_type=\"widget\" data-e-type=\"widget\" data-widget_type=\"text-editor.default\">\n\t\t\t\t\t\t\t\t\t<p>Esta habitaci\u00f3n doble dispone de art\u00edculos de aseo gratuitos y ba\u00f1o privado con ducha y secador de pelo. Esta amplia habitaci\u00f3n doble cuenta con armario, samrt TV de pantalla plana por cable . Dispone de 2 cama.<\/p>\t\t\t\t\t\t\t\t<\/div>\n\t\t\t\t<div class=\"elementor-element elementor-element-1061823f elementor-align-right elementor-widget elementor-widget-button\" data-id=\"1061823f\" data-element_type=\"widget\" data-e-type=\"widget\" data-widget_type=\"button.default\">\n\t\t\t\t\t\t\t\t\t\t<a class=\"elementor-button elementor-size-sm\" role=\"button\">\n\t\t\t\t\t\t<span class=\"elementor-button-content-wrapper\">\n\t\t\t\t\t\t\t\t\t<span class=\"elementor-button-text\">Reservar ahora<\/span>\n\t\t\t\t\t<\/span>\n\t\t\t\t\t<\/a>\n\t\t\t\t\t\t\t\t<\/div>\n\t\t\t\t\t<\/div>\n\t\t\t\t<\/div>\n\t\t\t\t<\/div>\n\t\t","protected":false},"excerpt":{"rendered":"<p>Ver todas las Habitaciones Habitaci\u00f3n Doble Habitaci\u00f3n Doble Esta habitaci\u00f3n doble dispone de art\u00edculos de aseo gratuitos y ba\u00f1o privado con ducha y secador de pelo. Esta amplia habitaci\u00f3n doble cuenta con armario, samrt TV de pantalla plana por cable . Dispone de 2 cama. Reservar ahora<\/p>\n","protected":false},"author":1,"featured_media":0,"parent":0,"menu_order":0,"comment_status":"closed","ping_status":"closed","template":"","meta":{"_kadence_starter_templates_imported_post":false,"_kad_post_transparent":"","_kad_post_title":"hide","_kad_post_layout":"fullwidth","_kad_post_sidebar_id":"","_kad_post_content_style":"unboxed","_kad_post_vertical_padding":"hide","_kad_post_feature":"hide","_kad_post_feature_position":"","_kad_post_header":false,"_kad_post_footer":false,"_kad_post_classname":"","footnotes":""},"class_list":["post-516","page","type-page","status-publish","hentry"],"_links":{"self":[{"href":"https:\/\/hotelsieteventanas.com\/index.php?rest_route=\/wp\/v2\/pages\/516","targetHints":{"allow":["GET"]}}],"collection":[{"href":"https:\/\/hotelsieteventanas.com\/index.php?rest_route=\/wp\/v2\/pages"}],"about":[{"href":"https:\/\/hotelsieteventanas.com\/index.php?rest_route=\/wp\/v2\/types\/page"}],"author":[{"embeddable":true,"href":"https:\/\/hotelsieteventanas.com\/index.php?rest_route=\/wp\/v2\/users\/1"}],"replies":[{"embeddable":true,"href":"https:\/\/hotelsieteventanas.com\/index.php?rest_route=%2Fwp%2Fv2%2Fcomments&post=516"}],"version-history":[{"count":13,"href":"https:\/\/hotelsieteventanas.com\/index.php?rest_route=\/wp\/v2\/pages\/516\/revisions"}],"predecessor-version":[{"id":1012,"href":"https:\/\/hotelsieteventanas.com\/index.php?rest_route=\/wp\/v2\/pages\/516\/revisions\/1012"}],"wp:attachment":[{"href":"https:\/\/hotelsieteventanas.com\/index.php?rest_route=%2Fwp%2Fv2%2Fmedia&parent=516"}],"curies":[{"name":"wp","href":"https:\/\/api.w.org\/{rel}","templated":true}]}}