{"id":518,"date":"2026-02-21T22:17:02","date_gmt":"2026-02-21T22:17:02","guid":{"rendered":"https:\/\/hotelsieteventanas.com\/?page_id=518"},"modified":"2026-03-19T00:02:49","modified_gmt":"2026-03-19T00:02:49","slug":"habitacion-triple-familiar","status":"publish","type":"page","link":"https:\/\/hotelsieteventanas.com\/?page_id=518","title":{"rendered":"Habitaci\u00f3n Triple Familiar"},"content":{"rendered":"\t\t<div data-elementor-type=\"wp-page\" data-elementor-id=\"518\" class=\"elementor elementor-518\" data-elementor-post-type=\"page\">\n\t\t\t\t<div class=\"elementor-element elementor-element-45a0c1a9 e-flex e-con-boxed e-con e-parent\" data-id=\"45a0c1a9\" data-element_type=\"container\" data-e-type=\"container\" data-settings=\"{&quot;background_background&quot;:&quot;classic&quot;}\">\n\t\t\t\t\t<div class=\"e-con-inner\">\n\t\t\t\t<div class=\"elementor-element elementor-element-724e14a4 elementor-widget elementor-widget-button\" data-id=\"724e14a4\" data-element_type=\"widget\" data-e-type=\"widget\" data-widget_type=\"button.default\">\n\t\t\t\t\t\t\t\t\t\t<a class=\"elementor-button elementor-button-link elementor-size-sm\" href=\"https:\/\/hotelsieteventanas.com\/?page_id=16\">\n\t\t\t\t\t\t<span class=\"elementor-button-content-wrapper\">\n\t\t\t\t\t\t<span class=\"elementor-button-icon\">\n\t\t\t\t<svg aria-hidden=\"true\" class=\"e-font-icon-svg e-far-arrow-alt-circle-left\" viewBox=\"0 0 512 512\" xmlns=\"http:\/\/www.w3.org\/2000\/svg\"><path d=\"M8 256c0 137 111 248 248 248s248-111 248-248S393 8 256 8 8 119 8 256zm448 0c0 110.5-89.5 200-200 200S56 366.5 56 256 145.5 56 256 56s200 89.5 200 200zm-72-20v40c0 6.6-5.4 12-12 12H256v67c0 10.7-12.9 16-20.5 8.5l-99-99c-4.7-4.7-4.7-12.3 0-17l99-99c7.6-7.6 20.5-2.2 20.5 8.5v67h116c6.6 0 12 5.4 12 12z\"><\/path><\/svg>\t\t\t<\/span>\n\t\t\t\t\t\t\t\t\t<span class=\"elementor-button-text\">Ver todas las Habitaciones<\/span>\n\t\t\t\t\t<\/span>\n\t\t\t\t\t<\/a>\n\t\t\t\t\t\t\t\t<\/div>\n\t\t\t\t<div class=\"elementor-element elementor-element-290434ce elementor-widget elementor-widget-image\" data-id=\"290434ce\" data-element_type=\"widget\" data-e-type=\"widget\" data-widget_type=\"image.default\">\n\t\t\t\t\t\t\t\t\t\t\t\t\t\t\t<img fetchpriority=\"high\" decoding=\"async\" width=\"1024\" height=\"683\" src=\"https:\/\/hotelsieteventanas.com\/wp-content\/uploads\/2026\/02\/HABITACION-TRIPLE-FAMILIAR2-1024x683.png\" class=\"attachment-large size-large wp-image-748\" alt=\"\" srcset=\"https:\/\/hotelsieteventanas.com\/wp-content\/uploads\/2026\/02\/HABITACION-TRIPLE-FAMILIAR2-1024x683.png 1024w, https:\/\/hotelsieteventanas.com\/wp-content\/uploads\/2026\/02\/HABITACION-TRIPLE-FAMILIAR2-300x200.png 300w, https:\/\/hotelsieteventanas.com\/wp-content\/uploads\/2026\/02\/HABITACION-TRIPLE-FAMILIAR2-768x512.png 768w, https:\/\/hotelsieteventanas.com\/wp-content\/uploads\/2026\/02\/HABITACION-TRIPLE-FAMILIAR2.png 1536w\" sizes=\"(max-width: 1024px) 100vw, 1024px\" \/>\t\t\t\t\t\t\t\t\t\t\t\t\t\t\t<\/div>\n\t\t\t\t<div class=\"elementor-element elementor-element-3981cede elementor-widget elementor-widget-heading\" data-id=\"3981cede\" data-element_type=\"widget\" data-e-type=\"widget\" data-widget_type=\"heading.default\">\n\t\t\t\t\t<h2 class=\"elementor-heading-title elementor-size-default\">Habitaci\u00f3n Triple Familiar<\/h2>\t\t\t\t<\/div>\n\t\t\t\t<div class=\"elementor-element elementor-element-2baf0f59 gallery-spacing-custom elementor-widget elementor-widget-image-gallery\" data-id=\"2baf0f59\" data-element_type=\"widget\" data-e-type=\"widget\" data-widget_type=\"image-gallery.default\">\n\t\t\t\t\t\t\t<div class=\"elementor-image-gallery\">\n\t\t\t<div id='gallery-1' class='gallery galleryid-518 gallery-columns-8 gallery-size-thumbnail'><figure class='gallery-item'>\n\t\t\t<div class='gallery-icon landscape'>\n\t\t\t\t<a data-elementor-open-lightbox=\"yes\" data-elementor-lightbox-slideshow=\"2baf0f59\" data-elementor-lightbox-title=\"HABITACION MATRIMONIAL6\" data-e-action-hash=\"#elementor-action%3Aaction%3Dlightbox%26settings%3DeyJpZCI6NjcyLCJ1cmwiOiJodHRwczpcL1wvaG90ZWxzaWV0ZXZlbnRhbmFzLmNvbVwvd3AtY29udGVudFwvdXBsb2Fkc1wvMjAyNlwvMDJcL0hBQklUQUNJT04tTUFUUklNT05JQUw2LnBuZyIsInNsaWRlc2hvdyI6IjJiYWYwZjU5In0%3D\" href='https:\/\/hotelsieteventanas.com\/wp-content\/uploads\/2026\/02\/HABITACION-MATRIMONIAL6.png'><img decoding=\"async\" width=\"150\" height=\"150\" src=\"https:\/\/hotelsieteventanas.com\/wp-content\/uploads\/2026\/02\/HABITACION-MATRIMONIAL6-150x150.png\" class=\"attachment-thumbnail size-thumbnail\" alt=\"\" \/><\/a>\n\t\t\t<\/div><\/figure><figure class='gallery-item'>\n\t\t\t<div class='gallery-icon landscape'>\n\t\t\t\t<a data-elementor-open-lightbox=\"yes\" data-elementor-lightbox-slideshow=\"2baf0f59\" data-elementor-lightbox-title=\"HABITACION TRIPLE FAMILIAR1\" data-e-action-hash=\"#elementor-action%3Aaction%3Dlightbox%26settings%3DeyJpZCI6NzQ3LCJ1cmwiOiJodHRwczpcL1wvaG90ZWxzaWV0ZXZlbnRhbmFzLmNvbVwvd3AtY29udGVudFwvdXBsb2Fkc1wvMjAyNlwvMDJcL0hBQklUQUNJT04tVFJJUExFLUZBTUlMSUFSMS5wbmciLCJzbGlkZXNob3ciOiIyYmFmMGY1OSJ9\" href='https:\/\/hotelsieteventanas.com\/wp-content\/uploads\/2026\/02\/HABITACION-TRIPLE-FAMILIAR1.png'><img decoding=\"async\" width=\"150\" height=\"150\" src=\"https:\/\/hotelsieteventanas.com\/wp-content\/uploads\/2026\/02\/HABITACION-TRIPLE-FAMILIAR1-150x150.png\" class=\"attachment-thumbnail size-thumbnail\" alt=\"\" \/><\/a>\n\t\t\t<\/div><\/figure><figure class='gallery-item'>\n\t\t\t<div class='gallery-icon portrait'>\n\t\t\t\t<a data-elementor-open-lightbox=\"yes\" data-elementor-lightbox-slideshow=\"2baf0f59\" data-elementor-lightbox-title=\"DSC04884\" data-e-action-hash=\"#elementor-action%3Aaction%3Dlightbox%26settings%3DeyJpZCI6NDU1LCJ1cmwiOiJodHRwczpcL1wvaG90ZWxzaWV0ZXZlbnRhbmFzLmNvbVwvd3AtY29udGVudFwvdXBsb2Fkc1wvMjAyNlwvMDJcL0RTQzA0ODg0LmpwZyIsInNsaWRlc2hvdyI6IjJiYWYwZjU5In0%3D\" href='https:\/\/hotelsieteventanas.com\/wp-content\/uploads\/2026\/02\/DSC04884.jpg'><img loading=\"lazy\" decoding=\"async\" width=\"150\" height=\"150\" src=\"https:\/\/hotelsieteventanas.com\/wp-content\/uploads\/2026\/02\/DSC04884-150x150.jpg\" class=\"attachment-thumbnail size-thumbnail\" alt=\"\" \/><\/a>\n\t\t\t<\/div><\/figure><figure class='gallery-item'>\n\t\t\t<div class='gallery-icon landscape'>\n\t\t\t\t<a data-elementor-open-lightbox=\"yes\" data-elementor-lightbox-slideshow=\"2baf0f59\" data-elementor-lightbox-title=\"HABITACION TRIPLE FAMILIAR2\" data-e-action-hash=\"#elementor-action%3Aaction%3Dlightbox%26settings%3DeyJpZCI6NzQ4LCJ1cmwiOiJodHRwczpcL1wvaG90ZWxzaWV0ZXZlbnRhbmFzLmNvbVwvd3AtY29udGVudFwvdXBsb2Fkc1wvMjAyNlwvMDJcL0hBQklUQUNJT04tVFJJUExFLUZBTUlMSUFSMi5wbmciLCJzbGlkZXNob3ciOiIyYmFmMGY1OSJ9\" href='https:\/\/hotelsieteventanas.com\/wp-content\/uploads\/2026\/02\/HABITACION-TRIPLE-FAMILIAR2.png'><img loading=\"lazy\" decoding=\"async\" width=\"150\" height=\"150\" src=\"https:\/\/hotelsieteventanas.com\/wp-content\/uploads\/2026\/02\/HABITACION-TRIPLE-FAMILIAR2-150x150.png\" class=\"attachment-thumbnail size-thumbnail\" alt=\"\" \/><\/a>\n\t\t\t<\/div><\/figure><figure class='gallery-item'>\n\t\t\t<div class='gallery-icon portrait'>\n\t\t\t\t<a data-elementor-open-lightbox=\"yes\" data-elementor-lightbox-slideshow=\"2baf0f59\" data-elementor-lightbox-title=\"DSC04883\" data-e-action-hash=\"#elementor-action%3Aaction%3Dlightbox%26settings%3DeyJpZCI6NDU0LCJ1cmwiOiJodHRwczpcL1wvaG90ZWxzaWV0ZXZlbnRhbmFzLmNvbVwvd3AtY29udGVudFwvdXBsb2Fkc1wvMjAyNlwvMDJcL0RTQzA0ODgzLmpwZyIsInNsaWRlc2hvdyI6IjJiYWYwZjU5In0%3D\" href='https:\/\/hotelsieteventanas.com\/wp-content\/uploads\/2026\/02\/DSC04883.jpg'><img loading=\"lazy\" decoding=\"async\" width=\"150\" height=\"150\" src=\"https:\/\/hotelsieteventanas.com\/wp-content\/uploads\/2026\/02\/DSC04883-150x150.jpg\" class=\"attachment-thumbnail size-thumbnail\" alt=\"\" \/><\/a>\n\t\t\t<\/div><\/figure><figure class='gallery-item'>\n\t\t\t<div class='gallery-icon portrait'>\n\t\t\t\t<a data-elementor-open-lightbox=\"yes\" data-elementor-lightbox-slideshow=\"2baf0f59\" data-elementor-lightbox-title=\"DSC04984\" data-e-action-hash=\"#elementor-action%3Aaction%3Dlightbox%26settings%3DeyJpZCI6NDg1LCJ1cmwiOiJodHRwczpcL1wvaG90ZWxzaWV0ZXZlbnRhbmFzLmNvbVwvd3AtY29udGVudFwvdXBsb2Fkc1wvMjAyNlwvMDJcL0RTQzA0OTg0LmpwZyIsInNsaWRlc2hvdyI6IjJiYWYwZjU5In0%3D\" href='https:\/\/hotelsieteventanas.com\/wp-content\/uploads\/2026\/02\/DSC04984.jpg'><img loading=\"lazy\" decoding=\"async\" width=\"150\" height=\"150\" src=\"https:\/\/hotelsieteventanas.com\/wp-content\/uploads\/2026\/02\/DSC04984-150x150.jpg\" class=\"attachment-thumbnail size-thumbnail\" alt=\"\" \/><\/a>\n\t\t\t<\/div><\/figure><figure class='gallery-item'>\n\t\t\t<div class='gallery-icon portrait'>\n\t\t\t\t<a data-elementor-open-lightbox=\"yes\" data-elementor-lightbox-slideshow=\"2baf0f59\" data-elementor-lightbox-title=\"DSC04915\" data-e-action-hash=\"#elementor-action%3Aaction%3Dlightbox%26settings%3DeyJpZCI6NDY2LCJ1cmwiOiJodHRwczpcL1wvaG90ZWxzaWV0ZXZlbnRhbmFzLmNvbVwvd3AtY29udGVudFwvdXBsb2Fkc1wvMjAyNlwvMDJcL0RTQzA0OTE1LmpwZyIsInNsaWRlc2hvdyI6IjJiYWYwZjU5In0%3D\" href='https:\/\/hotelsieteventanas.com\/wp-content\/uploads\/2026\/02\/DSC04915.jpg'><img loading=\"lazy\" decoding=\"async\" width=\"150\" height=\"150\" src=\"https:\/\/hotelsieteventanas.com\/wp-content\/uploads\/2026\/02\/DSC04915-150x150.jpg\" class=\"attachment-thumbnail size-thumbnail\" alt=\"\" \/><\/a>\n\t\t\t<\/div><\/figure>\n\t\t<\/div>\n\t\t<\/div>\n\t\t\t\t\t\t<\/div>\n\t\t\t\t<div class=\"elementor-element elementor-element-551a1c43 elementor-widget elementor-widget-image\" data-id=\"551a1c43\" data-element_type=\"widget\" data-e-type=\"widget\" data-widget_type=\"image.default\">\n\t\t\t\t\t\t\t\t\t\t\t\t\t\t\t<img loading=\"lazy\" decoding=\"async\" width=\"955\" height=\"76\" src=\"https:\/\/hotelsieteventanas.com\/wp-content\/uploads\/2026\/02\/iconos-servicios.png\" class=\"attachment-large size-large wp-image-567\" alt=\"\" srcset=\"https:\/\/hotelsieteventanas.com\/wp-content\/uploads\/2026\/02\/iconos-servicios.png 955w, https:\/\/hotelsieteventanas.com\/wp-content\/uploads\/2026\/02\/iconos-servicios-300x24.png 300w, https:\/\/hotelsieteventanas.com\/wp-content\/uploads\/2026\/02\/iconos-servicios-768x61.png 768w\" sizes=\"(max-width: 955px) 100vw, 955px\" \/>\t\t\t\t\t\t\t\t\t\t\t\t\t\t\t<\/div>\n\t\t\t\t<div class=\"elementor-element elementor-element-63bc1291 elementor-widget elementor-widget-text-editor\" data-id=\"63bc1291\" data-element_type=\"widget\" data-e-type=\"widget\" data-widget_type=\"text-editor.default\">\n\t\t\t\t\t\t\t\t\t<p><strong>Habitaci\u00f3n Triple Familiar<\/strong><br \/>Perfecta para familias o grupos peque\u00f1os, nuestra Habitaci\u00f3n Triple Familiar combina comodidad y espacio para que disfrutes al m\u00e1ximo de tu estad\u00eda.<\/p><ul><li><strong>Distribuci\u00f3n c\u00f3moda:<\/strong>\u00a0Una cama tama\u00f1o Queen y otra\u00a0cama individual, ideales para garantizar el descanso de todos los hu\u00e9spedes.<\/li><li><strong>Ba\u00f1o privado completo:<\/strong>\u00a0Incluye tina, ducha con agua caliente disponible las 24 horas y secadora de cabello para mayor conveniencia.<\/li><li><strong>Conexi\u00f3n y entretenimiento:<\/strong>\u00a0Mantente conectado con Wi-Fi de alta velocidad y disfruta de tus momentos de relax con una Smart TV de pantalla plana y acceso a tus aplicaciones favoritas.<\/li><li><strong>Ambiente c\u00e1lido:<\/strong>\u00a0La calefacci\u00f3n asegura una estancia acogedora y confortable, sin importar la \u00e9poca del a\u00f1o.<\/li><li><strong>Delicioso desayuno incluido:<\/strong>\u00a0Comienza tu d\u00eda con una selecci\u00f3n de platos locales, preparados con ingredientes frescos y llenos de sabor.<\/li><\/ul><p>Dise\u00f1ada para ofrecer confort y funcionalidad, esta habitaci\u00f3n es ideal para quienes buscan una experiencia placentera en un ambiente familiar. \u00a1Reserva ahora y haz de tu estad\u00eda un recuerdo inolvidable!<\/p>\t\t\t\t\t\t\t\t<\/div>\n\t\t\t\t<div class=\"elementor-element elementor-element-1c479600 elementor-align-right elementor-widget elementor-widget-button\" data-id=\"1c479600\" data-element_type=\"widget\" data-e-type=\"widget\" data-widget_type=\"button.default\">\n\t\t\t\t\t\t\t\t\t\t<a class=\"elementor-button elementor-size-sm\" role=\"button\">\n\t\t\t\t\t\t<span class=\"elementor-button-content-wrapper\">\n\t\t\t\t\t\t\t\t\t<span class=\"elementor-button-text\">Reservar ahora<\/span>\n\t\t\t\t\t<\/span>\n\t\t\t\t\t<\/a>\n\t\t\t\t\t\t\t\t<\/div>\n\t\t\t\t\t<\/div>\n\t\t\t\t<\/div>\n\t\t\t\t<\/div>\n\t\t","protected":false},"excerpt":{"rendered":"<p>Ver todas las Habitaciones Habitaci\u00f3n Triple Familiar Habitaci\u00f3n Triple FamiliarPerfecta para familias o grupos peque\u00f1os, nuestra Habitaci\u00f3n Triple Familiar combina comodidad y espacio para que disfrutes al m\u00e1ximo de tu estad\u00eda. Distribuci\u00f3n c\u00f3moda:\u00a0Una cama tama\u00f1o Queen y otra\u00a0cama individual, ideales para garantizar el descanso de todos los hu\u00e9spedes. Ba\u00f1o privado completo:\u00a0Incluye tina, ducha con agua&#8230;<\/p>\n","protected":false},"author":1,"featured_media":0,"parent":0,"menu_order":0,"comment_status":"closed","ping_status":"closed","template":"","meta":{"_kadence_starter_templates_imported_post":false,"_kad_post_transparent":"","_kad_post_title":"hide","_kad_post_layout":"fullwidth","_kad_post_sidebar_id":"","_kad_post_content_style":"unboxed","_kad_post_vertical_padding":"hide","_kad_post_feature":"hide","_kad_post_feature_position":"","_kad_post_header":false,"_kad_post_footer":false,"_kad_post_classname":"","footnotes":""},"class_list":["post-518","page","type-page","status-publish","hentry"],"_links":{"self":[{"href":"https:\/\/hotelsieteventanas.com\/index.php?rest_route=\/wp\/v2\/pages\/518","targetHints":{"allow":["GET"]}}],"collection":[{"href":"https:\/\/hotelsieteventanas.com\/index.php?rest_route=\/wp\/v2\/pages"}],"about":[{"href":"https:\/\/hotelsieteventanas.com\/index.php?rest_route=\/wp\/v2\/types\/page"}],"author":[{"embeddable":true,"href":"https:\/\/hotelsieteventanas.com\/index.php?rest_route=\/wp\/v2\/users\/1"}],"replies":[{"embeddable":true,"href":"https:\/\/hotelsieteventanas.com\/index.php?rest_route=%2Fwp%2Fv2%2Fcomments&post=518"}],"version-history":[{"count":13,"href":"https:\/\/hotelsieteventanas.com\/index.php?rest_route=\/wp\/v2\/pages\/518\/revisions"}],"predecessor-version":[{"id":1030,"href":"https:\/\/hotelsieteventanas.com\/index.php?rest_route=\/wp\/v2\/pages\/518\/revisions\/1030"}],"wp:attachment":[{"href":"https:\/\/hotelsieteventanas.com\/index.php?rest_route=%2Fwp%2Fv2%2Fmedia&parent=518"}],"curies":[{"name":"wp","href":"https:\/\/api.w.org\/{rel}","templated":true}]}}