{"id":520,"date":"2026-02-21T22:18:18","date_gmt":"2026-02-21T22:18:18","guid":{"rendered":"https:\/\/hotelsieteventanas.com\/?page_id=520"},"modified":"2026-04-07T17:35:54","modified_gmt":"2026-04-07T17:35:54","slug":"habitacion-cuadruple-familiar","status":"publish","type":"page","link":"https:\/\/hotelsieteventanas.com\/?page_id=520","title":{"rendered":"Habitaci\u00f3n Cuadruple Familiar"},"content":{"rendered":"\t\t<div data-elementor-type=\"wp-page\" data-elementor-id=\"520\" class=\"elementor elementor-520\" data-elementor-post-type=\"page\">\n\t\t\t\t<div class=\"elementor-element elementor-element-627e331 e-flex e-con-boxed e-con e-parent\" data-id=\"627e331\" data-element_type=\"container\" data-e-type=\"container\" data-settings=\"{&quot;background_background&quot;:&quot;classic&quot;}\">\n\t\t\t\t\t<div class=\"e-con-inner\">\n\t\t\t\t<div class=\"elementor-element elementor-element-4feaed92 elementor-widget elementor-widget-button\" data-id=\"4feaed92\" data-element_type=\"widget\" data-e-type=\"widget\" data-widget_type=\"button.default\">\n\t\t\t\t\t\t\t\t\t\t<a class=\"elementor-button elementor-button-link elementor-size-sm\" href=\"https:\/\/hotelsieteventanas.com\/?page_id=16\">\n\t\t\t\t\t\t<span class=\"elementor-button-content-wrapper\">\n\t\t\t\t\t\t<span class=\"elementor-button-icon\">\n\t\t\t\t<svg aria-hidden=\"true\" class=\"e-font-icon-svg e-far-arrow-alt-circle-left\" viewBox=\"0 0 512 512\" xmlns=\"http:\/\/www.w3.org\/2000\/svg\"><path d=\"M8 256c0 137 111 248 248 248s248-111 248-248S393 8 256 8 8 119 8 256zm448 0c0 110.5-89.5 200-200 200S56 366.5 56 256 145.5 56 256 56s200 89.5 200 200zm-72-20v40c0 6.6-5.4 12-12 12H256v67c0 10.7-12.9 16-20.5 8.5l-99-99c-4.7-4.7-4.7-12.3 0-17l99-99c7.6-7.6 20.5-2.2 20.5 8.5v67h116c6.6 0 12 5.4 12 12z\"><\/path><\/svg>\t\t\t<\/span>\n\t\t\t\t\t\t\t\t\t<span class=\"elementor-button-text\">Ver todas las Habitaciones<\/span>\n\t\t\t\t\t<\/span>\n\t\t\t\t\t<\/a>\n\t\t\t\t\t\t\t\t<\/div>\n\t\t\t\t<div class=\"elementor-element elementor-element-1d3e6889 elementor-widget elementor-widget-image\" data-id=\"1d3e6889\" data-element_type=\"widget\" data-e-type=\"widget\" data-widget_type=\"image.default\">\n\t\t\t\t\t\t\t\t\t\t\t\t\t\t\t<img fetchpriority=\"high\" decoding=\"async\" width=\"1024\" height=\"683\" src=\"https:\/\/hotelsieteventanas.com\/wp-content\/uploads\/2026\/02\/HABITACION-CUADRUPE-FAMILIAR-1024x683.png\" class=\"attachment-large size-large wp-image-663\" alt=\"\" srcset=\"https:\/\/hotelsieteventanas.com\/wp-content\/uploads\/2026\/02\/HABITACION-CUADRUPE-FAMILIAR-1024x683.png 1024w, https:\/\/hotelsieteventanas.com\/wp-content\/uploads\/2026\/02\/HABITACION-CUADRUPE-FAMILIAR-300x200.png 300w, https:\/\/hotelsieteventanas.com\/wp-content\/uploads\/2026\/02\/HABITACION-CUADRUPE-FAMILIAR-768x512.png 768w, https:\/\/hotelsieteventanas.com\/wp-content\/uploads\/2026\/02\/HABITACION-CUADRUPE-FAMILIAR.png 1536w\" sizes=\"(max-width: 1024px) 100vw, 1024px\" \/>\t\t\t\t\t\t\t\t\t\t\t\t\t\t\t<\/div>\n\t\t\t\t<div class=\"elementor-element elementor-element-3ee3b72d elementor-widget elementor-widget-heading\" data-id=\"3ee3b72d\" data-element_type=\"widget\" data-e-type=\"widget\" data-widget_type=\"heading.default\">\n\t\t\t\t\t<h3 class=\"elementor-heading-title elementor-size-default\">Habitaci\u00f3n Cuadruple Familiar<\/h3>\t\t\t\t<\/div>\n\t\t\t\t<div class=\"elementor-element elementor-element-59f11fc7 gallery-spacing-custom elementor-widget elementor-widget-image-gallery\" data-id=\"59f11fc7\" data-element_type=\"widget\" data-e-type=\"widget\" data-widget_type=\"image-gallery.default\">\n\t\t\t\t\t\t\t<div class=\"elementor-image-gallery\">\n\t\t\t<div id='gallery-1' class='gallery galleryid-520 gallery-columns-8 gallery-size-thumbnail'><figure class='gallery-item'>\n\t\t\t<div class='gallery-icon landscape'>\n\t\t\t\t<a data-elementor-open-lightbox=\"yes\" data-elementor-lightbox-slideshow=\"59f11fc7\" data-elementor-lightbox-title=\"HABITACION CUADRUPE FAMILIAR\" data-e-action-hash=\"#elementor-action%3Aaction%3Dlightbox%26settings%3DeyJpZCI6NzE5LCJ1cmwiOiJodHRwczpcL1wvaG90ZWxzaWV0ZXZlbnRhbmFzLmNvbVwvd3AtY29udGVudFwvdXBsb2Fkc1wvMjAyNlwvMDJcL0hBQklUQUNJT04tQ1VBRFJVUEUtRkFNSUxJQVItMS5wbmciLCJzbGlkZXNob3ciOiI1OWYxMWZjNyJ9\" href='https:\/\/hotelsieteventanas.com\/wp-content\/uploads\/2026\/02\/HABITACION-CUADRUPE-FAMILIAR-1.png'><img decoding=\"async\" width=\"150\" height=\"150\" src=\"https:\/\/hotelsieteventanas.com\/wp-content\/uploads\/2026\/02\/HABITACION-CUADRUPE-FAMILIAR-1-150x150.png\" class=\"attachment-thumbnail size-thumbnail\" alt=\"\" \/><\/a>\n\t\t\t<\/div><\/figure><figure class='gallery-item'>\n\t\t\t<div class='gallery-icon landscape'>\n\t\t\t\t<a data-elementor-open-lightbox=\"yes\" data-elementor-lightbox-slideshow=\"59f11fc7\" data-elementor-lightbox-title=\"HABITACION MATRIMONIAL6\" data-e-action-hash=\"#elementor-action%3Aaction%3Dlightbox%26settings%3DeyJpZCI6NjcyLCJ1cmwiOiJodHRwczpcL1wvaG90ZWxzaWV0ZXZlbnRhbmFzLmNvbVwvd3AtY29udGVudFwvdXBsb2Fkc1wvMjAyNlwvMDJcL0hBQklUQUNJT04tTUFUUklNT05JQUw2LnBuZyIsInNsaWRlc2hvdyI6IjU5ZjExZmM3In0%3D\" href='https:\/\/hotelsieteventanas.com\/wp-content\/uploads\/2026\/02\/HABITACION-MATRIMONIAL6.png'><img decoding=\"async\" width=\"150\" height=\"150\" src=\"https:\/\/hotelsieteventanas.com\/wp-content\/uploads\/2026\/02\/HABITACION-MATRIMONIAL6-150x150.png\" class=\"attachment-thumbnail size-thumbnail\" alt=\"\" \/><\/a>\n\t\t\t<\/div><\/figure><figure class='gallery-item'>\n\t\t\t<div class='gallery-icon portrait'>\n\t\t\t\t<a data-elementor-open-lightbox=\"yes\" data-elementor-lightbox-slideshow=\"59f11fc7\" data-elementor-lightbox-title=\"DSC04884\" data-e-action-hash=\"#elementor-action%3Aaction%3Dlightbox%26settings%3DeyJpZCI6NDU1LCJ1cmwiOiJodHRwczpcL1wvaG90ZWxzaWV0ZXZlbnRhbmFzLmNvbVwvd3AtY29udGVudFwvdXBsb2Fkc1wvMjAyNlwvMDJcL0RTQzA0ODg0LmpwZyIsInNsaWRlc2hvdyI6IjU5ZjExZmM3In0%3D\" href='https:\/\/hotelsieteventanas.com\/wp-content\/uploads\/2026\/02\/DSC04884.jpg'><img loading=\"lazy\" decoding=\"async\" width=\"150\" height=\"150\" src=\"https:\/\/hotelsieteventanas.com\/wp-content\/uploads\/2026\/02\/DSC04884-150x150.jpg\" class=\"attachment-thumbnail size-thumbnail\" alt=\"\" \/><\/a>\n\t\t\t<\/div><\/figure><figure class='gallery-item'>\n\t\t\t<div class='gallery-icon landscape'>\n\t\t\t\t<a data-elementor-open-lightbox=\"yes\" data-elementor-lightbox-slideshow=\"59f11fc7\" data-elementor-lightbox-title=\"HABITACION CUADRUPE FAMILIAR2\" data-e-action-hash=\"#elementor-action%3Aaction%3Dlightbox%26settings%3DeyJpZCI6NzIwLCJ1cmwiOiJodHRwczpcL1wvaG90ZWxzaWV0ZXZlbnRhbmFzLmNvbVwvd3AtY29udGVudFwvdXBsb2Fkc1wvMjAyNlwvMDJcL0hBQklUQUNJT04tQ1VBRFJVUEUtRkFNSUxJQVIyLTEucG5nIiwic2xpZGVzaG93IjoiNTlmMTFmYzcifQ%3D%3D\" href='https:\/\/hotelsieteventanas.com\/wp-content\/uploads\/2026\/02\/HABITACION-CUADRUPE-FAMILIAR2-1.png'><img loading=\"lazy\" decoding=\"async\" width=\"150\" height=\"150\" src=\"https:\/\/hotelsieteventanas.com\/wp-content\/uploads\/2026\/02\/HABITACION-CUADRUPE-FAMILIAR2-1-150x150.png\" class=\"attachment-thumbnail size-thumbnail\" alt=\"\" \/><\/a>\n\t\t\t<\/div><\/figure><figure class='gallery-item'>\n\t\t\t<div class='gallery-icon portrait'>\n\t\t\t\t<a data-elementor-open-lightbox=\"yes\" data-elementor-lightbox-slideshow=\"59f11fc7\" data-elementor-lightbox-title=\"DSC04883\" data-e-action-hash=\"#elementor-action%3Aaction%3Dlightbox%26settings%3DeyJpZCI6NDU0LCJ1cmwiOiJodHRwczpcL1wvaG90ZWxzaWV0ZXZlbnRhbmFzLmNvbVwvd3AtY29udGVudFwvdXBsb2Fkc1wvMjAyNlwvMDJcL0RTQzA0ODgzLmpwZyIsInNsaWRlc2hvdyI6IjU5ZjExZmM3In0%3D\" href='https:\/\/hotelsieteventanas.com\/wp-content\/uploads\/2026\/02\/DSC04883.jpg'><img loading=\"lazy\" decoding=\"async\" width=\"150\" height=\"150\" src=\"https:\/\/hotelsieteventanas.com\/wp-content\/uploads\/2026\/02\/DSC04883-150x150.jpg\" class=\"attachment-thumbnail size-thumbnail\" alt=\"\" \/><\/a>\n\t\t\t<\/div><\/figure><figure class='gallery-item'>\n\t\t\t<div class='gallery-icon portrait'>\n\t\t\t\t<a data-elementor-open-lightbox=\"yes\" data-elementor-lightbox-slideshow=\"59f11fc7\" data-elementor-lightbox-title=\"DSC04984\" data-e-action-hash=\"#elementor-action%3Aaction%3Dlightbox%26settings%3DeyJpZCI6NDg1LCJ1cmwiOiJodHRwczpcL1wvaG90ZWxzaWV0ZXZlbnRhbmFzLmNvbVwvd3AtY29udGVudFwvdXBsb2Fkc1wvMjAyNlwvMDJcL0RTQzA0OTg0LmpwZyIsInNsaWRlc2hvdyI6IjU5ZjExZmM3In0%3D\" href='https:\/\/hotelsieteventanas.com\/wp-content\/uploads\/2026\/02\/DSC04984.jpg'><img loading=\"lazy\" decoding=\"async\" width=\"150\" height=\"150\" src=\"https:\/\/hotelsieteventanas.com\/wp-content\/uploads\/2026\/02\/DSC04984-150x150.jpg\" class=\"attachment-thumbnail size-thumbnail\" alt=\"\" \/><\/a>\n\t\t\t<\/div><\/figure><figure class='gallery-item'>\n\t\t\t<div class='gallery-icon portrait'>\n\t\t\t\t<a data-elementor-open-lightbox=\"yes\" data-elementor-lightbox-slideshow=\"59f11fc7\" data-elementor-lightbox-title=\"DSC04915\" data-e-action-hash=\"#elementor-action%3Aaction%3Dlightbox%26settings%3DeyJpZCI6NDY2LCJ1cmwiOiJodHRwczpcL1wvaG90ZWxzaWV0ZXZlbnRhbmFzLmNvbVwvd3AtY29udGVudFwvdXBsb2Fkc1wvMjAyNlwvMDJcL0RTQzA0OTE1LmpwZyIsInNsaWRlc2hvdyI6IjU5ZjExZmM3In0%3D\" href='https:\/\/hotelsieteventanas.com\/wp-content\/uploads\/2026\/02\/DSC04915.jpg'><img loading=\"lazy\" decoding=\"async\" width=\"150\" height=\"150\" src=\"https:\/\/hotelsieteventanas.com\/wp-content\/uploads\/2026\/02\/DSC04915-150x150.jpg\" class=\"attachment-thumbnail size-thumbnail\" alt=\"\" \/><\/a>\n\t\t\t<\/div><\/figure>\n\t\t<\/div>\n\t\t<\/div>\n\t\t\t\t\t\t<\/div>\n\t\t\t\t<div class=\"elementor-element elementor-element-273ef35b elementor-widget elementor-widget-image\" data-id=\"273ef35b\" data-element_type=\"widget\" data-e-type=\"widget\" data-widget_type=\"image.default\">\n\t\t\t\t\t\t\t\t\t\t\t\t\t\t\t<img loading=\"lazy\" decoding=\"async\" width=\"955\" height=\"76\" src=\"https:\/\/hotelsieteventanas.com\/wp-content\/uploads\/2026\/02\/iconos-servicios.png\" class=\"attachment-large size-large wp-image-567\" alt=\"\" srcset=\"https:\/\/hotelsieteventanas.com\/wp-content\/uploads\/2026\/02\/iconos-servicios.png 955w, https:\/\/hotelsieteventanas.com\/wp-content\/uploads\/2026\/02\/iconos-servicios-300x24.png 300w, https:\/\/hotelsieteventanas.com\/wp-content\/uploads\/2026\/02\/iconos-servicios-768x61.png 768w\" sizes=\"(max-width: 955px) 100vw, 955px\" \/>\t\t\t\t\t\t\t\t\t\t\t\t\t\t\t<\/div>\n\t\t\t\t<div class=\"elementor-element elementor-element-72304d6d elementor-widget elementor-widget-text-editor\" data-id=\"72304d6d\" data-element_type=\"widget\" data-e-type=\"widget\" data-widget_type=\"text-editor.default\">\n\t\t\t\t\t\t\t\t\t<p><strong>Habitaci\u00f3n Cu\u00e1druple Familiar<\/strong><br \/>Dise\u00f1ada pensando en la comodidad de las familias, nuestra Habitaci\u00f3n Cu\u00e1druple Familiar es el espacio perfecto para disfrutar de una estad\u00eda relajada y placentera.<\/p><p><strong>Espacio amplio y funcional:<\/strong> Equipado con una cama queen y dos camas individuales, ideales para descansar c\u00f3modamente.<br \/><strong>Ba\u00f1o privado completo:<\/strong> Incluye tina y ducha con agua caliente disponible las 24 horas, adem\u00e1s de secadora de cabello para tu comodidad.<br \/><strong>Entretenimiento y conectividad:<\/strong> Disfruta de Wi-Fi de alta velocidad y una Smart TV de pantalla plana con acceso a tus aplicaciones favoritas para esos momentos de relax.<br \/><strong>Confort en cualquier clima:<\/strong> Calefacci\u00f3n incluida para garantizar una estancia c\u00e1lida y acogedora, sin importar la temporada.<br \/><strong>Delicioso desayuno incluido:<\/strong> Comienza tu d\u00eda con una selecci\u00f3n de platos locales, preparados con ingredientes frescos y llenos de sabor.<br \/>Un ambiente pensado para que toda la familia se sienta como en casa. \u00a1Te esperamos para que vivas una experiencia inolvidable!<\/p>\t\t\t\t\t\t\t\t<\/div>\n\t\t\t\t<div class=\"elementor-element elementor-element-57de75a2 elementor-align-right elementor-widget elementor-widget-button\" data-id=\"57de75a2\" data-element_type=\"widget\" data-e-type=\"widget\" data-widget_type=\"button.default\">\n\t\t\t\t\t\t\t\t\t\t<a class=\"elementor-button elementor-size-sm\" role=\"button\">\n\t\t\t\t\t\t<span class=\"elementor-button-content-wrapper\">\n\t\t\t\t\t\t\t\t\t<span class=\"elementor-button-text\">Reservar ahora<\/span>\n\t\t\t\t\t<\/span>\n\t\t\t\t\t<\/a>\n\t\t\t\t\t\t\t\t<\/div>\n\t\t\t\t\t<\/div>\n\t\t\t\t<\/div>\n\t\t\t\t<\/div>\n\t\t","protected":false},"excerpt":{"rendered":"<p>Ver todas las Habitaciones Habitaci\u00f3n Cuadruple Familiar Habitaci\u00f3n Cu\u00e1druple FamiliarDise\u00f1ada pensando en la comodidad de las familias, nuestra Habitaci\u00f3n Cu\u00e1druple Familiar es el espacio perfecto para disfrutar de una estad\u00eda relajada y placentera. Espacio amplio y funcional: Equipado con una cama queen y dos camas individuales, ideales para descansar c\u00f3modamente.Ba\u00f1o privado completo: Incluye tina y&#8230;<\/p>\n","protected":false},"author":1,"featured_media":0,"parent":0,"menu_order":0,"comment_status":"closed","ping_status":"closed","template":"","meta":{"_kadence_starter_templates_imported_post":false,"_kad_post_transparent":"","_kad_post_title":"hide","_kad_post_layout":"fullwidth","_kad_post_sidebar_id":"","_kad_post_content_style":"unboxed","_kad_post_vertical_padding":"hide","_kad_post_feature":"hide","_kad_post_feature_position":"","_kad_post_header":false,"_kad_post_footer":false,"_kad_post_classname":"","footnotes":""},"class_list":["post-520","page","type-page","status-publish","hentry"],"_links":{"self":[{"href":"https:\/\/hotelsieteventanas.com\/index.php?rest_route=\/wp\/v2\/pages\/520","targetHints":{"allow":["GET"]}}],"collection":[{"href":"https:\/\/hotelsieteventanas.com\/index.php?rest_route=\/wp\/v2\/pages"}],"about":[{"href":"https:\/\/hotelsieteventanas.com\/index.php?rest_route=\/wp\/v2\/types\/page"}],"author":[{"embeddable":true,"href":"https:\/\/hotelsieteventanas.com\/index.php?rest_route=\/wp\/v2\/users\/1"}],"replies":[{"embeddable":true,"href":"https:\/\/hotelsieteventanas.com\/index.php?rest_route=%2Fwp%2Fv2%2Fcomments&post=520"}],"version-history":[{"count":25,"href":"https:\/\/hotelsieteventanas.com\/index.php?rest_route=\/wp\/v2\/pages\/520\/revisions"}],"predecessor-version":[{"id":1053,"href":"https:\/\/hotelsieteventanas.com\/index.php?rest_route=\/wp\/v2\/pages\/520\/revisions\/1053"}],"wp:attachment":[{"href":"https:\/\/hotelsieteventanas.com\/index.php?rest_route=%2Fwp%2Fv2%2Fmedia&parent=520"}],"curies":[{"name":"wp","href":"https:\/\/api.w.org\/{rel}","templated":true}]}}