{"id":524,"date":"2026-02-21T22:20:27","date_gmt":"2026-02-21T22:20:27","guid":{"rendered":"https:\/\/hotelsieteventanas.com\/?page_id=524"},"modified":"2026-03-18T23:57:45","modified_gmt":"2026-03-18T23:57:45","slug":"habitacion-loft-con-balcon","status":"publish","type":"page","link":"https:\/\/hotelsieteventanas.com\/?page_id=524","title":{"rendered":"Habitaci\u00f3n Loft con Balc\u00f3n"},"content":{"rendered":"\t\t<div data-elementor-type=\"wp-page\" data-elementor-id=\"524\" class=\"elementor elementor-524\" data-elementor-post-type=\"page\">\n\t\t\t\t<div class=\"elementor-element elementor-element-69e7029c e-flex e-con-boxed e-con e-parent\" data-id=\"69e7029c\" data-element_type=\"container\" data-e-type=\"container\" data-settings=\"{&quot;background_background&quot;:&quot;classic&quot;}\">\n\t\t\t\t\t<div class=\"e-con-inner\">\n\t\t\t\t<div class=\"elementor-element elementor-element-48ec807f elementor-widget elementor-widget-button\" data-id=\"48ec807f\" data-element_type=\"widget\" data-e-type=\"widget\" data-widget_type=\"button.default\">\n\t\t\t\t\t\t\t\t\t\t<a class=\"elementor-button elementor-button-link elementor-size-sm\" href=\"https:\/\/hotelsieteventanas.com\/?page_id=16\">\n\t\t\t\t\t\t<span class=\"elementor-button-content-wrapper\">\n\t\t\t\t\t\t<span class=\"elementor-button-icon\">\n\t\t\t\t<svg aria-hidden=\"true\" class=\"e-font-icon-svg e-far-arrow-alt-circle-left\" viewBox=\"0 0 512 512\" xmlns=\"http:\/\/www.w3.org\/2000\/svg\"><path d=\"M8 256c0 137 111 248 248 248s248-111 248-248S393 8 256 8 8 119 8 256zm448 0c0 110.5-89.5 200-200 200S56 366.5 56 256 145.5 56 256 56s200 89.5 200 200zm-72-20v40c0 6.6-5.4 12-12 12H256v67c0 10.7-12.9 16-20.5 8.5l-99-99c-4.7-4.7-4.7-12.3 0-17l99-99c7.6-7.6 20.5-2.2 20.5 8.5v67h116c6.6 0 12 5.4 12 12z\"><\/path><\/svg>\t\t\t<\/span>\n\t\t\t\t\t\t\t\t\t<span class=\"elementor-button-text\">Ver todas las Habitaciones<\/span>\n\t\t\t\t\t<\/span>\n\t\t\t\t\t<\/a>\n\t\t\t\t\t\t\t\t<\/div>\n\t\t\t\t<div class=\"elementor-element elementor-element-27fffdc0 elementor-widget elementor-widget-image\" data-id=\"27fffdc0\" data-element_type=\"widget\" data-e-type=\"widget\" data-widget_type=\"image.default\">\n\t\t\t\t\t\t\t\t\t\t\t\t\t\t\t<img fetchpriority=\"high\" decoding=\"async\" width=\"1024\" height=\"683\" src=\"https:\/\/hotelsieteventanas.com\/wp-content\/uploads\/2026\/02\/HABITACION-MATRIMONIAL1-1024x683.png\" class=\"attachment-large size-large wp-image-667\" alt=\"\" srcset=\"https:\/\/hotelsieteventanas.com\/wp-content\/uploads\/2026\/02\/HABITACION-MATRIMONIAL1-1024x683.png 1024w, https:\/\/hotelsieteventanas.com\/wp-content\/uploads\/2026\/02\/HABITACION-MATRIMONIAL1-300x200.png 300w, https:\/\/hotelsieteventanas.com\/wp-content\/uploads\/2026\/02\/HABITACION-MATRIMONIAL1-768x512.png 768w, https:\/\/hotelsieteventanas.com\/wp-content\/uploads\/2026\/02\/HABITACION-MATRIMONIAL1.png 1536w\" sizes=\"(max-width: 1024px) 100vw, 1024px\" \/>\t\t\t\t\t\t\t\t\t\t\t\t\t\t\t<\/div>\n\t\t\t\t<div class=\"elementor-element elementor-element-4053077d elementor-widget elementor-widget-heading\" data-id=\"4053077d\" data-element_type=\"widget\" data-e-type=\"widget\" data-widget_type=\"heading.default\">\n\t\t\t\t\t<h2 class=\"elementor-heading-title elementor-size-default\">Habitaci\u00f3n Loft con Balc\u00f3n<\/h2>\t\t\t\t<\/div>\n\t\t\t\t<div class=\"elementor-element elementor-element-75492d62 gallery-spacing-custom elementor-widget elementor-widget-image-gallery\" data-id=\"75492d62\" data-element_type=\"widget\" data-e-type=\"widget\" data-widget_type=\"image-gallery.default\">\n\t\t\t\t\t\t\t<div class=\"elementor-image-gallery\">\n\t\t\t<div id='gallery-1' class='gallery galleryid-524 gallery-columns-8 gallery-size-thumbnail'><figure class='gallery-item'>\n\t\t\t<div class='gallery-icon landscape'>\n\t\t\t\t<a data-elementor-open-lightbox=\"yes\" data-elementor-lightbox-slideshow=\"75492d62\" data-elementor-lightbox-title=\"HABITACION MATRIMONIAL6\" data-e-action-hash=\"#elementor-action%3Aaction%3Dlightbox%26settings%3DeyJpZCI6NjcyLCJ1cmwiOiJodHRwczpcL1wvaG90ZWxzaWV0ZXZlbnRhbmFzLmNvbVwvd3AtY29udGVudFwvdXBsb2Fkc1wvMjAyNlwvMDJcL0hBQklUQUNJT04tTUFUUklNT05JQUw2LnBuZyIsInNsaWRlc2hvdyI6Ijc1NDkyZDYyIn0%3D\" href='https:\/\/hotelsieteventanas.com\/wp-content\/uploads\/2026\/02\/HABITACION-MATRIMONIAL6.png'><img decoding=\"async\" width=\"150\" height=\"150\" src=\"https:\/\/hotelsieteventanas.com\/wp-content\/uploads\/2026\/02\/HABITACION-MATRIMONIAL6-150x150.png\" class=\"attachment-thumbnail size-thumbnail\" alt=\"\" \/><\/a>\n\t\t\t<\/div><\/figure><figure class='gallery-item'>\n\t\t\t<div class='gallery-icon landscape'>\n\t\t\t\t<a data-elementor-open-lightbox=\"yes\" data-elementor-lightbox-slideshow=\"75492d62\" data-elementor-lightbox-title=\"HABITACION MATRIMONIAL2\" data-e-action-hash=\"#elementor-action%3Aaction%3Dlightbox%26settings%3DeyJpZCI6NzY1LCJ1cmwiOiJodHRwczpcL1wvaG90ZWxzaWV0ZXZlbnRhbmFzLmNvbVwvd3AtY29udGVudFwvdXBsb2Fkc1wvMjAyNlwvMDJcL0hBQklUQUNJT04tTUFUUklNT05JQUwyLTEucG5nIiwic2xpZGVzaG93IjoiNzU0OTJkNjIifQ%3D%3D\" href='https:\/\/hotelsieteventanas.com\/wp-content\/uploads\/2026\/02\/HABITACION-MATRIMONIAL2-1.png'><img decoding=\"async\" width=\"150\" height=\"150\" src=\"https:\/\/hotelsieteventanas.com\/wp-content\/uploads\/2026\/02\/HABITACION-MATRIMONIAL2-1-150x150.png\" class=\"attachment-thumbnail size-thumbnail\" alt=\"\" \/><\/a>\n\t\t\t<\/div><\/figure><figure class='gallery-item'>\n\t\t\t<div class='gallery-icon portrait'>\n\t\t\t\t<a data-elementor-open-lightbox=\"yes\" data-elementor-lightbox-slideshow=\"75492d62\" data-elementor-lightbox-title=\"DSC04884\" data-e-action-hash=\"#elementor-action%3Aaction%3Dlightbox%26settings%3DeyJpZCI6NDU1LCJ1cmwiOiJodHRwczpcL1wvaG90ZWxzaWV0ZXZlbnRhbmFzLmNvbVwvd3AtY29udGVudFwvdXBsb2Fkc1wvMjAyNlwvMDJcL0RTQzA0ODg0LmpwZyIsInNsaWRlc2hvdyI6Ijc1NDkyZDYyIn0%3D\" href='https:\/\/hotelsieteventanas.com\/wp-content\/uploads\/2026\/02\/DSC04884.jpg'><img loading=\"lazy\" decoding=\"async\" width=\"150\" height=\"150\" src=\"https:\/\/hotelsieteventanas.com\/wp-content\/uploads\/2026\/02\/DSC04884-150x150.jpg\" class=\"attachment-thumbnail size-thumbnail\" alt=\"\" \/><\/a>\n\t\t\t<\/div><\/figure><figure class='gallery-item'>\n\t\t\t<div class='gallery-icon landscape'>\n\t\t\t\t<a data-elementor-open-lightbox=\"yes\" data-elementor-lightbox-slideshow=\"75492d62\" data-elementor-lightbox-title=\"HABITACION MATRIMONIAL3\" data-e-action-hash=\"#elementor-action%3Aaction%3Dlightbox%26settings%3DeyJpZCI6NzY2LCJ1cmwiOiJodHRwczpcL1wvaG90ZWxzaWV0ZXZlbnRhbmFzLmNvbVwvd3AtY29udGVudFwvdXBsb2Fkc1wvMjAyNlwvMDJcL0hBQklUQUNJT04tTUFUUklNT05JQUwzLTEucG5nIiwic2xpZGVzaG93IjoiNzU0OTJkNjIifQ%3D%3D\" href='https:\/\/hotelsieteventanas.com\/wp-content\/uploads\/2026\/02\/HABITACION-MATRIMONIAL3-1.png'><img loading=\"lazy\" decoding=\"async\" width=\"150\" height=\"150\" src=\"https:\/\/hotelsieteventanas.com\/wp-content\/uploads\/2026\/02\/HABITACION-MATRIMONIAL3-1-150x150.png\" class=\"attachment-thumbnail size-thumbnail\" alt=\"\" \/><\/a>\n\t\t\t<\/div><\/figure><figure class='gallery-item'>\n\t\t\t<div class='gallery-icon portrait'>\n\t\t\t\t<a data-elementor-open-lightbox=\"yes\" data-elementor-lightbox-slideshow=\"75492d62\" data-elementor-lightbox-title=\"DSC04883\" data-e-action-hash=\"#elementor-action%3Aaction%3Dlightbox%26settings%3DeyJpZCI6NDU0LCJ1cmwiOiJodHRwczpcL1wvaG90ZWxzaWV0ZXZlbnRhbmFzLmNvbVwvd3AtY29udGVudFwvdXBsb2Fkc1wvMjAyNlwvMDJcL0RTQzA0ODgzLmpwZyIsInNsaWRlc2hvdyI6Ijc1NDkyZDYyIn0%3D\" href='https:\/\/hotelsieteventanas.com\/wp-content\/uploads\/2026\/02\/DSC04883.jpg'><img loading=\"lazy\" decoding=\"async\" width=\"150\" height=\"150\" src=\"https:\/\/hotelsieteventanas.com\/wp-content\/uploads\/2026\/02\/DSC04883-150x150.jpg\" class=\"attachment-thumbnail size-thumbnail\" alt=\"\" \/><\/a>\n\t\t\t<\/div><\/figure><figure class='gallery-item'>\n\t\t\t<div class='gallery-icon landscape'>\n\t\t\t\t<a data-elementor-open-lightbox=\"yes\" data-elementor-lightbox-slideshow=\"75492d62\" data-elementor-lightbox-title=\"HABITACION MATRIMONIAL4\" data-e-action-hash=\"#elementor-action%3Aaction%3Dlightbox%26settings%3DeyJpZCI6NzY3LCJ1cmwiOiJodHRwczpcL1wvaG90ZWxzaWV0ZXZlbnRhbmFzLmNvbVwvd3AtY29udGVudFwvdXBsb2Fkc1wvMjAyNlwvMDJcL0hBQklUQUNJT04tTUFUUklNT05JQUw0LTEucG5nIiwic2xpZGVzaG93IjoiNzU0OTJkNjIifQ%3D%3D\" href='https:\/\/hotelsieteventanas.com\/wp-content\/uploads\/2026\/02\/HABITACION-MATRIMONIAL4-1.png'><img loading=\"lazy\" decoding=\"async\" width=\"150\" height=\"150\" src=\"https:\/\/hotelsieteventanas.com\/wp-content\/uploads\/2026\/02\/HABITACION-MATRIMONIAL4-1-150x150.png\" class=\"attachment-thumbnail size-thumbnail\" alt=\"\" \/><\/a>\n\t\t\t<\/div><\/figure><figure class='gallery-item'>\n\t\t\t<div class='gallery-icon portrait'>\n\t\t\t\t<a data-elementor-open-lightbox=\"yes\" data-elementor-lightbox-slideshow=\"75492d62\" data-elementor-lightbox-title=\"BA\u00d1ERA2\" data-e-action-hash=\"#elementor-action%3Aaction%3Dlightbox%26settings%3DeyJpZCI6NjU5LCJ1cmwiOiJodHRwczpcL1wvaG90ZWxzaWV0ZXZlbnRhbmFzLmNvbVwvd3AtY29udGVudFwvdXBsb2Fkc1wvMjAyNlwvMDJcL0JBTkVSQTIucG5nIiwic2xpZGVzaG93IjoiNzU0OTJkNjIifQ%3D%3D\" href='https:\/\/hotelsieteventanas.com\/wp-content\/uploads\/2026\/02\/BANERA2.png'><img loading=\"lazy\" decoding=\"async\" width=\"150\" height=\"150\" src=\"https:\/\/hotelsieteventanas.com\/wp-content\/uploads\/2026\/02\/BANERA2-150x150.png\" class=\"attachment-thumbnail size-thumbnail\" alt=\"\" \/><\/a>\n\t\t\t<\/div><\/figure><figure class='gallery-item'>\n\t\t\t<div class='gallery-icon portrait'>\n\t\t\t\t<a data-elementor-open-lightbox=\"yes\" data-elementor-lightbox-slideshow=\"75492d62\" data-elementor-lightbox-title=\"SUITJUNIOR1\" data-e-action-hash=\"#elementor-action%3Aaction%3Dlightbox%26settings%3DeyJpZCI6NjkyLCJ1cmwiOiJodHRwczpcL1wvaG90ZWxzaWV0ZXZlbnRhbmFzLmNvbVwvd3AtY29udGVudFwvdXBsb2Fkc1wvMjAyNlwvMDJcL1NVSVRKVU5JT1IxLnBuZyIsInNsaWRlc2hvdyI6Ijc1NDkyZDYyIn0%3D\" href='https:\/\/hotelsieteventanas.com\/wp-content\/uploads\/2026\/02\/SUITJUNIOR1.png'><img loading=\"lazy\" decoding=\"async\" width=\"150\" height=\"150\" src=\"https:\/\/hotelsieteventanas.com\/wp-content\/uploads\/2026\/02\/SUITJUNIOR1-150x150.png\" class=\"attachment-thumbnail size-thumbnail\" alt=\"\" \/><\/a>\n\t\t\t<\/div><\/figure>\n\t\t<\/div>\n\t\t<\/div>\n\t\t\t\t\t\t<\/div>\n\t\t\t\t<div class=\"elementor-element elementor-element-4d7be3fd elementor-widget elementor-widget-image\" data-id=\"4d7be3fd\" data-element_type=\"widget\" data-e-type=\"widget\" data-widget_type=\"image.default\">\n\t\t\t\t\t\t\t\t\t\t\t\t\t\t\t<img loading=\"lazy\" decoding=\"async\" width=\"955\" height=\"76\" src=\"https:\/\/hotelsieteventanas.com\/wp-content\/uploads\/2026\/02\/iconos-servicios.png\" class=\"attachment-large size-large wp-image-567\" alt=\"\" srcset=\"https:\/\/hotelsieteventanas.com\/wp-content\/uploads\/2026\/02\/iconos-servicios.png 955w, https:\/\/hotelsieteventanas.com\/wp-content\/uploads\/2026\/02\/iconos-servicios-300x24.png 300w, https:\/\/hotelsieteventanas.com\/wp-content\/uploads\/2026\/02\/iconos-servicios-768x61.png 768w\" sizes=\"(max-width: 955px) 100vw, 955px\" \/>\t\t\t\t\t\t\t\t\t\t\t\t\t\t\t<\/div>\n\t\t\t\t<div class=\"elementor-element elementor-element-178fe621 elementor-widget elementor-widget-text-editor\" data-id=\"178fe621\" data-element_type=\"widget\" data-e-type=\"widget\" data-widget_type=\"text-editor.default\">\n\t\t\t\t\t\t\t\t\t<p>Perfecta para parejas o viajeros que buscan comodidad y un toque de exclusividad, nuestra Loft con Balc\u00f3n\u00a0ofrece un dise\u00f1o \u00fanico en dos niveles y espacios amplios que combinan elegancia y funcionalidad.<\/p><ul><li><strong>Nivel 1:<\/strong>\u00a0Rel\u00e1jate en una acogedora sala de estar con acceso a un balc\u00f3n privado que ofrece vistas espectaculares a la calle Ruinas. El ba\u00f1o completo, equipado con tina, ducha y agua caliente las 24 horas, complementa este nivel para tu comodidad.<\/li><li><strong>Nivel 2:<\/strong>\u00a0Encuentra la privacidad perfecta en una espaciosa cama tama\u00f1o Queen, acompa\u00f1ada de un armario y un ambiente dise\u00f1ado para el descanso absoluto.<\/li><li><strong>Espacios para trabajar:<\/strong>\u00a0Su dise\u00f1o amplio incluye un \u00e1rea ideal para trabajo o lectura, combinando comodidad y productividad.<\/li><li><strong>Comodidades modernas:<\/strong>\u00a0Mantente conectado con Wi-Fi de alta velocidad y disfruta de entretenimiento en una Smart TV de pantalla plana con acceso a tus aplicaciones favoritas.<\/li><li><strong>Ambiente acogedor:<\/strong>\u00a0La calefacci\u00f3n asegura una estancia c\u00e1lida y confortable, mientras que una secadora de cabello a\u00f1ade un toque extra de conveniencia.<\/li><\/ul><p>Una suite dise\u00f1ada para ofrecer privacidad, confort y vistas \u00fanicas, ideal para quienes buscan una experiencia inolvidable en un entorno exclusivo. \u00a1Reserva ahora y disfruta del lujo de nuestra Loft con Balcon!<\/p>\t\t\t\t\t\t\t\t<\/div>\n\t\t\t\t<div class=\"elementor-element elementor-element-25635ea2 elementor-align-right elementor-widget elementor-widget-button\" data-id=\"25635ea2\" data-element_type=\"widget\" data-e-type=\"widget\" data-widget_type=\"button.default\">\n\t\t\t\t\t\t\t\t\t\t<a class=\"elementor-button elementor-size-sm\" role=\"button\">\n\t\t\t\t\t\t<span class=\"elementor-button-content-wrapper\">\n\t\t\t\t\t\t\t\t\t<span class=\"elementor-button-text\">Reservar ahora<\/span>\n\t\t\t\t\t<\/span>\n\t\t\t\t\t<\/a>\n\t\t\t\t\t\t\t\t<\/div>\n\t\t\t\t\t<\/div>\n\t\t\t\t<\/div>\n\t\t\t\t<\/div>\n\t\t","protected":false},"excerpt":{"rendered":"<p>Ver todas las Habitaciones Habitaci\u00f3n Loft con Balc\u00f3n Perfecta para parejas o viajeros que buscan comodidad y un toque de exclusividad, nuestra Loft con Balc\u00f3n\u00a0ofrece un dise\u00f1o \u00fanico en dos niveles y espacios amplios que combinan elegancia y funcionalidad. Nivel 1:\u00a0Rel\u00e1jate en una acogedora sala de estar con acceso a un balc\u00f3n privado que ofrece&#8230;<\/p>\n","protected":false},"author":1,"featured_media":0,"parent":0,"menu_order":0,"comment_status":"closed","ping_status":"closed","template":"","meta":{"_kadence_starter_templates_imported_post":false,"_kad_post_transparent":"","_kad_post_title":"hide","_kad_post_layout":"fullwidth","_kad_post_sidebar_id":"","_kad_post_content_style":"unboxed","_kad_post_vertical_padding":"hide","_kad_post_feature":"hide","_kad_post_feature_position":"","_kad_post_header":false,"_kad_post_footer":false,"_kad_post_classname":"","footnotes":""},"class_list":["post-524","page","type-page","status-publish","hentry"],"_links":{"self":[{"href":"https:\/\/hotelsieteventanas.com\/index.php?rest_route=\/wp\/v2\/pages\/524","targetHints":{"allow":["GET"]}}],"collection":[{"href":"https:\/\/hotelsieteventanas.com\/index.php?rest_route=\/wp\/v2\/pages"}],"about":[{"href":"https:\/\/hotelsieteventanas.com\/index.php?rest_route=\/wp\/v2\/types\/page"}],"author":[{"embeddable":true,"href":"https:\/\/hotelsieteventanas.com\/index.php?rest_route=\/wp\/v2\/users\/1"}],"replies":[{"embeddable":true,"href":"https:\/\/hotelsieteventanas.com\/index.php?rest_route=%2Fwp%2Fv2%2Fcomments&post=524"}],"version-history":[{"count":7,"href":"https:\/\/hotelsieteventanas.com\/index.php?rest_route=\/wp\/v2\/pages\/524\/revisions"}],"predecessor-version":[{"id":1018,"href":"https:\/\/hotelsieteventanas.com\/index.php?rest_route=\/wp\/v2\/pages\/524\/revisions\/1018"}],"wp:attachment":[{"href":"https:\/\/hotelsieteventanas.com\/index.php?rest_route=%2Fwp%2Fv2%2Fmedia&parent=524"}],"curies":[{"name":"wp","href":"https:\/\/api.w.org\/{rel}","templated":true}]}}